{"id":98,"date":"2025-07-24T23:29:27","date_gmt":"2025-07-24T23:29:27","guid":{"rendered":"https:\/\/reciclajesfer.cl\/?page_id=98"},"modified":"2025-07-26T21:22:05","modified_gmt":"2025-07-26T21:22:05","slug":"servicios","status":"publish","type":"page","link":"https:\/\/reciclajesfer.cl\/index.php\/servicios\/","title":{"rendered":"Servicios"},"content":{"rendered":"\n<div style=\"height:48px\" aria-hidden=\"true\" class=\"wp-block-spacer\"><\/div>\n\n\n\n<h2 class=\"wp-block-heading\">Nuestros servicios<\/h2>\n\n\n\n<div class=\"wp-block-columns is-layout-flex wp-container-core-columns-is-layout-28f84493 wp-block-columns-is-layout-flex\">\n<div class=\"wp-block-column is-layout-flow wp-block-column-is-layout-flow\" style=\"flex-basis:10%\"><\/div>\n\n\n\n<div class=\"wp-block-column is-layout-flow wp-block-column-is-layout-flow\" style=\"flex-basis:71.2%\">\n<p class=\"has-text-align-center\">En <strong>Reciclajes F.E.R.<\/strong> llevamos m\u00e1s de 10 a\u00f1os trabajando por un reciclaje responsable e inclusivo. Ofrecemos soluciones integrales para empresas, instituciones, condominios y comunidades que buscan reducir su impacto ambiental, cumplir con la normativa vigente y avanzar hacia un modelo m\u00e1s sustentable.<\/p>\n\n\n\n<div style=\"height:58px\" aria-hidden=\"true\" class=\"wp-block-spacer\"><\/div>\n\n\n\n<div class=\"wp-block-media-text is-stacked-on-mobile\"><figure class=\"wp-block-media-text__media\"><img loading=\"lazy\" decoding=\"async\" width=\"1024\" height=\"683\" src=\"https:\/\/reciclajesfer.cl\/wp-content\/uploads\/2025\/07\/ChatGPT-Image-26-jul-2025-16_13_05-3-1024x683.png\" alt=\"\" class=\"wp-image-130 size-full\" srcset=\"https:\/\/reciclajesfer.cl\/wp-content\/uploads\/2025\/07\/ChatGPT-Image-26-jul-2025-16_13_05-3-1024x683.png 1024w, https:\/\/reciclajesfer.cl\/wp-content\/uploads\/2025\/07\/ChatGPT-Image-26-jul-2025-16_13_05-3-300x200.png 300w, https:\/\/reciclajesfer.cl\/wp-content\/uploads\/2025\/07\/ChatGPT-Image-26-jul-2025-16_13_05-3-768x512.png 768w, https:\/\/reciclajesfer.cl\/wp-content\/uploads\/2025\/07\/ChatGPT-Image-26-jul-2025-16_13_05-3.png 1536w\" sizes=\"auto, (max-width: 1024px) 100vw, 1024px\" \/><\/figure><div class=\"wp-block-media-text__content\">\n<h2 class=\"wp-block-heading has-medium-font-size\"><strong>RETIRO DE RESIDUOS NO PELIGROSOS<\/strong><\/h2>\n\n\n\n<p>Realizamos el retiro programado de residuos reciclables no peligrosos, asegurando eficiencia, puntualidad y compromiso. Trabajamos con empresas, hogares y comunidades, adapt\u00e1ndonos a cada necesidad operativa.<br><strong>Materiales gestionados<\/strong>: cart\u00f3n, papel, pl\u00e1sticos PET y film, metales, latas, vidrio, entre otros.<\/p>\n<\/div><\/div>\n\n\n\n<div class=\"wp-block-media-text is-stacked-on-mobile\"><figure class=\"wp-block-media-text__media\"><img loading=\"lazy\" decoding=\"async\" width=\"1024\" height=\"1024\" src=\"https:\/\/reciclajesfer.cl\/wp-content\/uploads\/2025\/07\/ChatGPT-Image-26-jul-2025-16_15_58-2.png\" alt=\"\" class=\"wp-image-127 size-full\" srcset=\"https:\/\/reciclajesfer.cl\/wp-content\/uploads\/2025\/07\/ChatGPT-Image-26-jul-2025-16_15_58-2.png 1024w, https:\/\/reciclajesfer.cl\/wp-content\/uploads\/2025\/07\/ChatGPT-Image-26-jul-2025-16_15_58-2-300x300.png 300w, https:\/\/reciclajesfer.cl\/wp-content\/uploads\/2025\/07\/ChatGPT-Image-26-jul-2025-16_15_58-2-150x150.png 150w, https:\/\/reciclajesfer.cl\/wp-content\/uploads\/2025\/07\/ChatGPT-Image-26-jul-2025-16_15_58-2-768x768.png 768w\" sizes=\"auto, (max-width: 1024px) 100vw, 1024px\" \/><\/figure><div class=\"wp-block-media-text__content\">\n<h2 class=\"wp-block-heading has-medium-font-size\"><strong>GESTI\u00d3N INTEGRAL DE RECICLAJE<\/strong><\/h2>\n\n\n\n<p>Clasificamos, manejamos y valorizamos los residuos reciclables con total trazabilidad. Garantizamos que cada material tenga un destino responsable, contribuyendo a la econom\u00eda circular y al cumplimiento de la <strong>Ley REP<\/strong>.<\/p>\n<\/div><\/div>\n\n\n\n<div class=\"wp-block-media-text is-stacked-on-mobile\"><figure class=\"wp-block-media-text__media\"><img loading=\"lazy\" decoding=\"async\" width=\"1024\" height=\"1024\" src=\"https:\/\/reciclajesfer.cl\/wp-content\/uploads\/2025\/07\/ChatGPT-Image-26-jul-2025-16_26_47-1.png\" alt=\"\" class=\"wp-image-126 size-full\" srcset=\"https:\/\/reciclajesfer.cl\/wp-content\/uploads\/2025\/07\/ChatGPT-Image-26-jul-2025-16_26_47-1.png 1024w, https:\/\/reciclajesfer.cl\/wp-content\/uploads\/2025\/07\/ChatGPT-Image-26-jul-2025-16_26_47-1-300x300.png 300w, https:\/\/reciclajesfer.cl\/wp-content\/uploads\/2025\/07\/ChatGPT-Image-26-jul-2025-16_26_47-1-150x150.png 150w, https:\/\/reciclajesfer.cl\/wp-content\/uploads\/2025\/07\/ChatGPT-Image-26-jul-2025-16_26_47-1-768x768.png 768w\" sizes=\"auto, (max-width: 1024px) 100vw, 1024px\" \/><\/figure><div class=\"wp-block-media-text__content\">\n<h2 class=\"wp-block-heading has-medium-font-size\"><strong>INSTALACI\u00d3N DE CONTENEDORES<\/strong><\/h2>\n\n\n\n<p class=\"has-medium-font-size\">Disponemos de contenedores adecuados para facilitar la separaci\u00f3n en origen. Instalamos puntos limpios en empresas, colegios, condominios y eventos, promoviendo una gesti\u00f3n m\u00e1s eficiente de los residuos.<\/p>\n<\/div><\/div>\n\n\n\n<div class=\"wp-block-media-text is-stacked-on-mobile\"><figure class=\"wp-block-media-text__media\"><img loading=\"lazy\" decoding=\"async\" width=\"1024\" height=\"1024\" src=\"https:\/\/reciclajesfer.cl\/wp-content\/uploads\/2025\/07\/46f988b7-ed37-495d-ba17-b53408fa5dd6-1.png\" alt=\"\" class=\"wp-image-125 size-full\" srcset=\"https:\/\/reciclajesfer.cl\/wp-content\/uploads\/2025\/07\/46f988b7-ed37-495d-ba17-b53408fa5dd6-1.png 1024w, https:\/\/reciclajesfer.cl\/wp-content\/uploads\/2025\/07\/46f988b7-ed37-495d-ba17-b53408fa5dd6-1-300x300.png 300w, https:\/\/reciclajesfer.cl\/wp-content\/uploads\/2025\/07\/46f988b7-ed37-495d-ba17-b53408fa5dd6-1-150x150.png 150w, https:\/\/reciclajesfer.cl\/wp-content\/uploads\/2025\/07\/46f988b7-ed37-495d-ba17-b53408fa5dd6-1-768x768.png 768w\" sizes=\"auto, (max-width: 1024px) 100vw, 1024px\" \/><\/figure><div class=\"wp-block-media-text__content\">\n<h2 class=\"wp-block-heading has-medium-font-size\"><strong>ASESORIA Y TALLERES<\/strong><\/h2>\n\n\n\n<p>Ofrecemos asesor\u00edas personalizadas y talleres educativos para impulsar una gesti\u00f3n de residuos eficiente y cumplir con la Ley REP. Capacitamos a empresas y comunidades en reciclaje y sostenibilidad con enfoque pr\u00e1ctico y adaptado.<\/p>\n<\/div><\/div>\n\n\n\n<div class=\"wp-block-media-text is-stacked-on-mobile\"><figure class=\"wp-block-media-text__media\"><img loading=\"lazy\" decoding=\"async\" width=\"1024\" height=\"1024\" src=\"https:\/\/reciclajesfer.cl\/wp-content\/uploads\/2025\/07\/21e30d60-c95a-4d24-a98f-5001472e96dd.png\" alt=\"\" class=\"wp-image-123 size-full\" srcset=\"https:\/\/reciclajesfer.cl\/wp-content\/uploads\/2025\/07\/21e30d60-c95a-4d24-a98f-5001472e96dd.png 1024w, https:\/\/reciclajesfer.cl\/wp-content\/uploads\/2025\/07\/21e30d60-c95a-4d24-a98f-5001472e96dd-300x300.png 300w, https:\/\/reciclajesfer.cl\/wp-content\/uploads\/2025\/07\/21e30d60-c95a-4d24-a98f-5001472e96dd-150x150.png 150w, https:\/\/reciclajesfer.cl\/wp-content\/uploads\/2025\/07\/21e30d60-c95a-4d24-a98f-5001472e96dd-768x768.png 768w\" sizes=\"auto, (max-width: 1024px) 100vw, 1024px\" \/><\/figure><div class=\"wp-block-media-text__content\">\n<h2 class=\"wp-block-heading has-medium-font-size\"><strong>CERTIFICADO DE RECICLAJE Y TRAZABILIDAD<\/strong><\/h2>\n\n\n\n<p>Emitimos certificados que validan la correcta gesti\u00f3n y disposici\u00f3n de los residuos reciclables, fundamentales para respaldar el cumplimiento de pol\u00edticas internas, auditor\u00edas externas y requisitos de la <strong>Ley REP<\/strong>.<\/p>\n<\/div><\/div>\n<\/div>\n\n\n\n<div class=\"wp-block-column is-layout-flow wp-block-column-is-layout-flow\" style=\"flex-basis:10%\"><\/div>\n<\/div>\n\n\n\n<div class=\"wp-block-buttons is-content-justification-center is-layout-flex wp-container-core-buttons-is-layout-a89b3969 wp-block-buttons-is-layout-flex\">\n<div class=\"wp-block-button\"><a class=\"wp-block-button__link wp-element-button\" href=\"https:\/\/reciclajesfer.cl\/index.php\/contacto\/\">CONT\u00c1CTANOS<\/a><\/div>\n<\/div>\n","protected":false},"excerpt":{"rendered":"<p>Nuestros servicios En Reciclajes F.E.R. llevamos m\u00e1s de 10 a\u00f1os trabajando por un reciclaje responsable e inclusivo. Ofrecemos soluciones integrales [&hellip;]<\/p>\n","protected":false},"author":1,"featured_media":0,"parent":0,"menu_order":0,"comment_status":"closed","ping_status":"closed","template":"","meta":{"site-sidebar-layout":"default","site-content-layout":"","ast-site-content-layout":"default","site-content-style":"default","site-sidebar-style":"default","ast-global-header-display":"","ast-banner-title-visibility":"","ast-main-header-display":"","ast-hfb-above-header-display":"","ast-hfb-below-header-display":"","ast-hfb-mobile-header-display":"","site-post-title":"disabled","ast-breadcrumbs-content":"","ast-featured-img":"","footer-sml-layout":"","theme-transparent-header-meta":"","adv-header-id-meta":"","stick-header-meta":"","header-above-stick-meta":"","header-main-stick-meta":"","header-below-stick-meta":"","astra-migrate-meta-layouts":"default","ast-page-background-enabled":"default","ast-page-background-meta":{"desktop":{"background-color":"var(--ast-global-color-5)","background-image":"","background-repeat":"repeat","background-position":"center center","background-size":"auto","background-attachment":"scroll","background-type":"","background-media":"","overlay-type":"","overlay-color":"","overlay-opacity":"","overlay-gradient":""},"tablet":{"background-color":"","background-image":"","background-repeat":"repeat","background-position":"center center","background-size":"auto","background-attachment":"scroll","background-type":"","background-media":"","overlay-type":"","overlay-color":"","overlay-opacity":"","overlay-gradient":""},"mobile":{"background-color":"","background-image":"","background-repeat":"repeat","background-position":"center center","background-size":"auto","background-attachment":"scroll","background-type":"","background-media":"","overlay-type":"","overlay-color":"","overlay-opacity":"","overlay-gradient":""}},"ast-content-background-meta":{"desktop":{"background-color":"var(--ast-global-color-4)","background-image":"","background-repeat":"repeat","background-position":"center center","background-size":"auto","background-attachment":"scroll","background-type":"","background-media":"","overlay-type":"","overlay-color":"","overlay-opacity":"","overlay-gradient":""},"tablet":{"background-color":"var(--ast-global-color-4)","background-image":"","background-repeat":"repeat","background-position":"center center","background-size":"auto","background-attachment":"scroll","background-type":"","background-media":"","overlay-type":"","overlay-color":"","overlay-opacity":"","overlay-gradient":""},"mobile":{"background-color":"var(--ast-global-color-4)","background-image":"","background-repeat":"repeat","background-position":"center center","background-size":"auto","background-attachment":"scroll","background-type":"","background-media":"","overlay-type":"","overlay-color":"","overlay-opacity":"","overlay-gradient":""}},"footnotes":""},"class_list":["post-98","page","type-page","status-publish","hentry"],"_links":{"self":[{"href":"https:\/\/reciclajesfer.cl\/index.php\/wp-json\/wp\/v2\/pages\/98","targetHints":{"allow":["GET"]}}],"collection":[{"href":"https:\/\/reciclajesfer.cl\/index.php\/wp-json\/wp\/v2\/pages"}],"about":[{"href":"https:\/\/reciclajesfer.cl\/index.php\/wp-json\/wp\/v2\/types\/page"}],"author":[{"embeddable":true,"href":"https:\/\/reciclajesfer.cl\/index.php\/wp-json\/wp\/v2\/users\/1"}],"replies":[{"embeddable":true,"href":"https:\/\/reciclajesfer.cl\/index.php\/wp-json\/wp\/v2\/comments?post=98"}],"version-history":[{"count":8,"href":"https:\/\/reciclajesfer.cl\/index.php\/wp-json\/wp\/v2\/pages\/98\/revisions"}],"predecessor-version":[{"id":141,"href":"https:\/\/reciclajesfer.cl\/index.php\/wp-json\/wp\/v2\/pages\/98\/revisions\/141"}],"wp:attachment":[{"href":"https:\/\/reciclajesfer.cl\/index.php\/wp-json\/wp\/v2\/media?parent=98"}],"curies":[{"name":"wp","href":"https:\/\/api.w.org\/{rel}","templated":true}]}}