{"id":96,"date":"2025-07-24T23:28:45","date_gmt":"2025-07-24T23:28:45","guid":{"rendered":"https:\/\/reciclajesfer.cl\/?page_id=96"},"modified":"2025-07-26T21:59:10","modified_gmt":"2025-07-26T21:59:10","slug":"ley-rep","status":"publish","type":"page","link":"https:\/\/reciclajesfer.cl\/index.php\/ley-rep\/","title":{"rendered":"Ley Rep"},"content":{"rendered":"\n<div style=\"height:37px\" aria-hidden=\"true\" class=\"wp-block-spacer\"><\/div>\n\n\n\n<h2 class=\"wp-block-heading\">Ley REP 20920<\/h2>\n\n\n\n<div style=\"height:27px\" aria-hidden=\"true\" class=\"wp-block-spacer\"><\/div>\n\n\n\n<div class=\"wp-block-columns is-layout-flex wp-container-core-columns-is-layout-ea7800fd wp-block-columns-is-layout-flex\" style=\"margin-top:-50px;margin-bottom:-50px\">\n<div class=\"wp-block-column is-layout-flow wp-block-column-is-layout-flow\" style=\"flex-basis:10%\"><\/div>\n\n\n\n<div class=\"wp-block-column is-layout-flow wp-block-column-is-layout-flow\" style=\"flex-basis:80%\">\n<p>La Ley de Responsabilidad Extendida del Productor (Ley REP, N\u00b0 20.920) es una pol\u00edtica p\u00fablica chilena que promueve la <strong>reducci\u00f3n de residuos y el reciclaje<\/strong>, estableciendo obligaciones claras para quienes introducen productos en el mercado nacional.<\/p>\n\n\n\n<p>Fue promulgada en <strong>2016<\/strong> y tiene como objetivo principal <strong>fomentar una gesti\u00f3n ambientalmente adecuada de los residuos<\/strong>, responsabilizando a los productores de todo el ciclo de vida de sus productos, incluyendo su recolecci\u00f3n y valorizaci\u00f3n una vez que se convierten en desechos.<\/p>\n<\/div>\n\n\n\n<div class=\"wp-block-column is-layout-flow wp-block-column-is-layout-flow\" style=\"flex-basis:10%\"><\/div>\n<\/div>\n\n\n\n<div class=\"wp-block-columns is-layout-flex wp-container-core-columns-is-layout-cb104e0c wp-block-columns-is-layout-flex\" style=\"margin-top:-40px;margin-bottom:-40px\">\n<div class=\"wp-block-column is-layout-flow wp-block-column-is-layout-flow\" style=\"flex-basis:10%\"><\/div>\n\n\n\n<div class=\"wp-block-column is-layout-flow wp-block-column-is-layout-flow\" style=\"flex-basis:80%\">\n<h2 class=\"wp-block-heading has-large-font-size\" style=\"font-style:normal;font-weight:800\"><strong>\u00bfA quienes involucra?<\/strong><\/h2>\n\n\n\n<p>La Ley REP aplica principalmente a:<\/p>\n\n\n\n<ul class=\"wp-block-list\">\n<li><strong>Productores e importadores<\/strong> de productos prioritarios.<\/li>\n\n\n\n<li><strong>Empresas y comercios<\/strong> que generan residuos de estos productos.<\/li>\n\n\n\n<li><strong>Municipios y ciudadanos<\/strong>, como actores relevantes en la gesti\u00f3n local.<\/li>\n\n\n\n<li><strong>Recicladores de base<\/strong>, quienes cumplen un rol clave en la recuperaci\u00f3n y clasificaci\u00f3n de residuos.<\/li>\n<\/ul>\n<\/div>\n\n\n\n<div class=\"wp-block-column is-layout-flow wp-block-column-is-layout-flow\" style=\"flex-basis:10%\"><\/div>\n<\/div>\n\n\n\n<div class=\"wp-block-columns is-layout-flex wp-container-core-columns-is-layout-cb104e0c wp-block-columns-is-layout-flex\" style=\"margin-top:-40px;margin-bottom:-40px\">\n<div class=\"wp-block-column is-layout-flow wp-block-column-is-layout-flow\" style=\"flex-basis:10%\"><\/div>\n\n\n\n<div class=\"wp-block-column is-layout-flow wp-block-column-is-layout-flow\" style=\"flex-basis:98.4%\">\n<h2 class=\"wp-block-heading has-large-font-size\"><strong>\u00bfCu\u00e1l es su alcance?<\/strong><\/h2>\n\n\n\n<p>La Ley REP busca transformar la gesti\u00f3n de residuos en Chile, creando un sistema m\u00e1s <strong>sostenible, justo e inclusivo<\/strong>. Obliga a los productores a organizar y financiar sistemas de gesti\u00f3n de residuos, ya sea de forma individual o colectiva a trav\u00e9s de <strong>Sistemas de Gesti\u00f3n<\/strong> como RESIMPLE.<\/p>\n<\/div>\n\n\n\n<div class=\"wp-block-column is-layout-flow wp-block-column-is-layout-flow\" style=\"flex-basis:8%\"><\/div>\n<\/div>\n\n\n\n<div class=\"wp-block-columns is-layout-flex wp-container-core-columns-is-layout-cb104e0c wp-block-columns-is-layout-flex\" style=\"margin-top:-40px;margin-bottom:-40px\">\n<div class=\"wp-block-column is-layout-flow wp-block-column-is-layout-flow\" style=\"flex-basis:10%\"><\/div>\n\n\n\n<div class=\"wp-block-column is-layout-flow wp-block-column-is-layout-flow\" style=\"flex-basis:80%\">\n<h2 class=\"wp-block-heading has-large-font-size\"><strong>Objetivos de la Ley REP<\/strong><\/h2>\n\n\n\n<ul class=\"wp-block-list\">\n<li>Reducir la generaci\u00f3n de residuos.<\/li>\n\n\n\n<li>Fomentar la reutilizaci\u00f3n, reciclaje y valorizaci\u00f3n.<\/li>\n\n\n\n<li>Evitar que los residuos lleguen a rellenos sanitarios o vertederos ilegales.<\/li>\n\n\n\n<li>Promover la inclusi\u00f3n de recicladores de base como actores formales del sistema.<\/li>\n\n\n\n<li>Proteger la salud y el medio ambiente mediante una gesti\u00f3n adecuada.<\/li>\n<\/ul>\n<\/div>\n\n\n\n<div class=\"wp-block-column is-layout-flow wp-block-column-is-layout-flow\" style=\"flex-basis:10%\"><\/div>\n<\/div>\n\n\n\n<div class=\"wp-block-columns is-layout-flex wp-container-core-columns-is-layout-cb104e0c wp-block-columns-is-layout-flex\" style=\"margin-top:-40px;margin-bottom:-40px\">\n<div class=\"wp-block-column is-layout-flow wp-block-column-is-layout-flow\" style=\"flex-basis:10%\"><\/div>\n\n\n\n<div class=\"wp-block-column is-layout-flow wp-block-column-is-layout-flow\" style=\"flex-basis:80%\">\n<h2 class=\"wp-block-heading has-large-font-size\"><strong>Metas establecidas<\/strong><\/h2>\n\n\n\n<p>La Ley REP fija metas progresivas para la recolecci\u00f3n y valorizaci\u00f3n de residuos. Estas metas var\u00edan seg\u00fan el producto prioritario y est\u00e1n definidas por el <strong>Ministerio del Medio Ambiente<\/strong>, siendo obligatorias para los productores.<\/p>\n\n\n\n<p>Ejemplo:<\/p>\n\n\n\n<ul class=\"wp-block-list\">\n<li>Recolecci\u00f3n del 45% del pl\u00e1stico puesto en el mercado para el a\u00f1o 2030.<\/li>\n\n\n\n<li>Valorizar el 60% del cart\u00f3n de bebidas y papel dentro de un plazo determinado.<\/li>\n<\/ul>\n<\/div>\n\n\n\n<div class=\"wp-block-column is-layout-flow wp-block-column-is-layout-flow\" style=\"flex-basis:10%\"><\/div>\n<\/div>\n\n\n\n<div class=\"wp-block-columns is-layout-flex wp-container-core-columns-is-layout-cb104e0c wp-block-columns-is-layout-flex\" style=\"margin-top:-40px;margin-bottom:-40px\">\n<div class=\"wp-block-column is-layout-flow wp-block-column-is-layout-flow\" style=\"flex-basis:10%\"><\/div>\n\n\n\n<div class=\"wp-block-column is-layout-flow wp-block-column-is-layout-flow\" style=\"flex-basis:80%\">\n<h2 class=\"wp-block-heading has-large-font-size\">\u00bfCu\u00e1les son los residuos prioritarios?<\/h2>\n\n\n\n<p>La Ley REP define seis <strong>residuos prioritarios<\/strong>:<\/p>\n\n\n\n<ol class=\"wp-block-list\">\n<li><strong>Aceites lubricantes<\/strong><\/li>\n\n\n\n<li><strong>Aparatos el\u00e9ctricos y electr\u00f3nicos<\/strong><\/li>\n\n\n\n<li><strong>Bater\u00edas<\/strong><\/li>\n\n\n\n<li><strong>Envases y embalajes<\/strong><\/li>\n\n\n\n<li><strong>Neum\u00e1ticos<\/strong><\/li>\n\n\n\n<li><strong>Pilas<\/strong><\/li>\n<\/ol>\n\n\n\n<p>En especial, los <strong>envases y embalajes<\/strong> afectan directamente a empresas, hogares e instituciones, por lo que su correcta gesti\u00f3n es crucial.<\/p>\n<\/div>\n\n\n\n<div class=\"wp-block-column is-layout-flow wp-block-column-is-layout-flow\" style=\"flex-basis:10%\"><\/div>\n<\/div>\n\n\n\n<figure class=\"wp-block-image aligncenter size-full is-resized\"><img loading=\"lazy\" decoding=\"async\" width=\"1024\" height=\"1024\" src=\"https:\/\/reciclajesfer.cl\/wp-content\/uploads\/2025\/07\/ChatGPT-Image-22-jul-2025-20_13_47.png\" alt=\"\" class=\"wp-image-146\" style=\"width:500px\" srcset=\"https:\/\/reciclajesfer.cl\/wp-content\/uploads\/2025\/07\/ChatGPT-Image-22-jul-2025-20_13_47.png 1024w, https:\/\/reciclajesfer.cl\/wp-content\/uploads\/2025\/07\/ChatGPT-Image-22-jul-2025-20_13_47-300x300.png 300w, https:\/\/reciclajesfer.cl\/wp-content\/uploads\/2025\/07\/ChatGPT-Image-22-jul-2025-20_13_47-150x150.png 150w, https:\/\/reciclajesfer.cl\/wp-content\/uploads\/2025\/07\/ChatGPT-Image-22-jul-2025-20_13_47-768x768.png 768w\" sizes=\"auto, (max-width: 1024px) 100vw, 1024px\" \/><\/figure>\n\n\n\n<div class=\"wp-block-columns is-layout-flex wp-container-core-columns-is-layout-28f84493 wp-block-columns-is-layout-flex\">\n<div class=\"wp-block-column is-layout-flow wp-block-column-is-layout-flow\" style=\"flex-basis:10%\"><\/div>\n\n\n\n<div class=\"wp-block-column is-layout-flow wp-block-column-is-layout-flow\" style=\"flex-basis:96.4%\">\n<h2 class=\"wp-block-heading has-large-font-size\">El papel del reciclador de base en la Ley REP<\/h2>\n\n\n\n<p>Los recicladores de base son <strong>actores esenciales<\/strong> dentro del sistema REP. Su labor contribuye directamente al cumplimiento de las metas de recolecci\u00f3n y valorizaci\u00f3n.<br>La ley reconoce su rol y promueve su <strong>formalizaci\u00f3n, certificaci\u00f3n y participaci\u00f3n activa<\/strong> en los sistemas de gesti\u00f3n.<\/p>\n\n\n\n<div style=\"height:100px\" aria-hidden=\"true\" class=\"wp-block-spacer\"><\/div>\n\n\n\n<h2 class=\"wp-block-heading has-text-align-center has-medium-font-size\">En Reciclajes F.E.R., somos recicladores certificados y comprometidos con la econom\u00eda circular. A trav\u00e9s de nuestros servicios, ayudamos a empresas, condominios e instituciones a cumplir con la Ley REP de forma eficiente, responsable y trazable.<\/h2>\n<\/div>\n\n\n\n<div class=\"wp-block-column is-layout-flow wp-block-column-is-layout-flow\" style=\"flex-basis:10%\"><\/div>\n<\/div>\n\n\n\n<div class=\"wp-block-buttons is-content-justification-center is-layout-flex wp-container-core-buttons-is-layout-a89b3969 wp-block-buttons-is-layout-flex\">\n<div class=\"wp-block-button\"><a class=\"wp-block-button__link wp-element-button\" href=\"https:\/\/reciclajesfer.cl\/index.php\/contacto\/\">CONT\u00c1CTANOS<\/a><\/div>\n<\/div>\n\n\n\n<p><\/p>\n","protected":false},"excerpt":{"rendered":"<p>Ley REP 20920 La Ley de Responsabilidad Extendida del Productor (Ley REP, N\u00b0 20.920) es una pol\u00edtica p\u00fablica chilena que [&hellip;]<\/p>\n","protected":false},"author":1,"featured_media":0,"parent":0,"menu_order":0,"comment_status":"closed","ping_status":"closed","template":"","meta":{"site-sidebar-layout":"default","site-content-layout":"","ast-site-content-layout":"default","site-content-style":"default","site-sidebar-style":"default","ast-global-header-display":"","ast-banner-title-visibility":"","ast-main-header-display":"","ast-hfb-above-header-display":"","ast-hfb-below-header-display":"","ast-hfb-mobile-header-display":"","site-post-title":"disabled","ast-breadcrumbs-content":"","ast-featured-img":"","footer-sml-layout":"","theme-transparent-header-meta":"","adv-header-id-meta":"","stick-header-meta":"","header-above-stick-meta":"","header-main-stick-meta":"","header-below-stick-meta":"","astra-migrate-meta-layouts":"default","ast-page-background-enabled":"default","ast-page-background-meta":{"desktop":{"background-color":"var(--ast-global-color-5)","background-image":"","background-repeat":"repeat","background-position":"center center","background-size":"auto","background-attachment":"scroll","background-type":"","background-media":"","overlay-type":"","overlay-color":"","overlay-opacity":"","overlay-gradient":""},"tablet":{"background-color":"","background-image":"","background-repeat":"repeat","background-position":"center center","background-size":"auto","background-attachment":"scroll","background-type":"","background-media":"","overlay-type":"","overlay-color":"","overlay-opacity":"","overlay-gradient":""},"mobile":{"background-color":"","background-image":"","background-repeat":"repeat","background-position":"center center","background-size":"auto","background-attachment":"scroll","background-type":"","background-media":"","overlay-type":"","overlay-color":"","overlay-opacity":"","overlay-gradient":""}},"ast-content-background-meta":{"desktop":{"background-color":"var(--ast-global-color-4)","background-image":"","background-repeat":"repeat","background-position":"center center","background-size":"auto","background-attachment":"scroll","background-type":"","background-media":"","overlay-type":"","overlay-color":"","overlay-opacity":"","overlay-gradient":""},"tablet":{"background-color":"var(--ast-global-color-4)","background-image":"","background-repeat":"repeat","background-position":"center center","background-size":"auto","background-attachment":"scroll","background-type":"","background-media":"","overlay-type":"","overlay-color":"","overlay-opacity":"","overlay-gradient":""},"mobile":{"background-color":"var(--ast-global-color-4)","background-image":"","background-repeat":"repeat","background-position":"center center","background-size":"auto","background-attachment":"scroll","background-type":"","background-media":"","overlay-type":"","overlay-color":"","overlay-opacity":"","overlay-gradient":""}},"footnotes":""},"class_list":["post-96","page","type-page","status-publish","hentry"],"_links":{"self":[{"href":"https:\/\/reciclajesfer.cl\/index.php\/wp-json\/wp\/v2\/pages\/96","targetHints":{"allow":["GET"]}}],"collection":[{"href":"https:\/\/reciclajesfer.cl\/index.php\/wp-json\/wp\/v2\/pages"}],"about":[{"href":"https:\/\/reciclajesfer.cl\/index.php\/wp-json\/wp\/v2\/types\/page"}],"author":[{"embeddable":true,"href":"https:\/\/reciclajesfer.cl\/index.php\/wp-json\/wp\/v2\/users\/1"}],"replies":[{"embeddable":true,"href":"https:\/\/reciclajesfer.cl\/index.php\/wp-json\/wp\/v2\/comments?post=96"}],"version-history":[{"count":9,"href":"https:\/\/reciclajesfer.cl\/index.php\/wp-json\/wp\/v2\/pages\/96\/revisions"}],"predecessor-version":[{"id":150,"href":"https:\/\/reciclajesfer.cl\/index.php\/wp-json\/wp\/v2\/pages\/96\/revisions\/150"}],"wp:attachment":[{"href":"https:\/\/reciclajesfer.cl\/index.php\/wp-json\/wp\/v2\/media?parent=96"}],"curies":[{"name":"wp","href":"https:\/\/api.w.org\/{rel}","templated":true}]}}