{"id":86,"date":"2025-07-24T23:12:17","date_gmt":"2025-07-24T23:12:17","guid":{"rendered":"https:\/\/reciclajesfer.cl\/?page_id=86"},"modified":"2025-07-26T22:13:50","modified_gmt":"2025-07-26T22:13:50","slug":"nosotros","status":"publish","type":"page","link":"https:\/\/reciclajesfer.cl\/index.php\/nosotros\/","title":{"rendered":"Nosotros"},"content":{"rendered":"\n<div style=\"height:100px\" aria-hidden=\"true\" class=\"wp-block-spacer\"><\/div>\n\n\n\n<h2 class=\"wp-block-heading\">Quienes somos<\/h2>\n\n\n\n<div style=\"height:26px\" aria-hidden=\"true\" class=\"wp-block-spacer\"><\/div>\n\n\n\n<div class=\"wp-block-columns is-layout-flex wp-container-core-columns-is-layout-28f84493 wp-block-columns-is-layout-flex\">\n<div class=\"wp-block-column is-layout-flow wp-block-column-is-layout-flow\" style=\"flex-basis:10%\"><\/div>\n\n\n\n<div class=\"wp-block-column is-layout-flow wp-block-column-is-layout-flow\" style=\"flex-basis:81.6%\">\n<p>En <strong>Reciclajes F.E.R.<\/strong> somos una empresa familiar con m\u00e1s de 10 a\u00f1os de experiencia en la gesti\u00f3n responsable de residuos reciclables. Nacimos con el compromiso de aportar a un futuro m\u00e1s limpio y sostenible, transformando el reciclaje en una oportunidad de impacto ambiental positivo y cumplimiento normativo para empresas, instituciones y comunidades.<\/p>\n\n\n\n<p>Nuestro equipo est\u00e1 certificado y comprometido con entregar un servicio profesional, transparente y alineado a la <strong>Ley REP<\/strong> y otras normativas ambientales vigentes. Nos especializamos en la recolecci\u00f3n, separaci\u00f3n y trazabilidad de materiales como cart\u00f3n, pl\u00e1stico PET y HDPE, metales, vidrio, residuos org\u00e1nicos y electrodom\u00e9sticos fuera de uso.<\/p>\n\n\n\n<p>M\u00e1s que un proveedor, somos un <strong>aliado estrat\u00e9gico en econom\u00eda circular<\/strong>, ayudando a nuestros clientes a reducir su huella ambiental y cumplir con sus responsabilidades de manera eficiente, segura y sustentable.<\/p>\n\n\n\n<div style=\"height:100px\" aria-hidden=\"true\" class=\"wp-block-spacer\"><\/div>\n\n\n\n<div class=\"wp-block-columns are-vertically-aligned-center is-layout-flex wp-container-core-columns-is-layout-28f84493 wp-block-columns-is-layout-flex\">\n<div class=\"wp-block-column is-vertically-aligned-center is-layout-flow wp-block-column-is-layout-flow\">\n<figure class=\"wp-block-image size-full is-resized\"><img loading=\"lazy\" decoding=\"async\" width=\"633\" height=\"1024\" src=\"https:\/\/reciclajesfer.cl\/wp-content\/uploads\/2025\/07\/Captura-de-pantalla-2025-07-20-183358-Artguru.png\" alt=\"\" class=\"wp-image-151\" style=\"object-fit:cover;width:270px;height:375px\" srcset=\"https:\/\/reciclajesfer.cl\/wp-content\/uploads\/2025\/07\/Captura-de-pantalla-2025-07-20-183358-Artguru.png 633w, https:\/\/reciclajesfer.cl\/wp-content\/uploads\/2025\/07\/Captura-de-pantalla-2025-07-20-183358-Artguru-185x300.png 185w\" sizes=\"auto, (max-width: 633px) 100vw, 633px\" \/><\/figure>\n<\/div>\n\n\n\n<div class=\"wp-block-column is-vertically-aligned-center is-layout-flow wp-block-column-is-layout-flow\">\n<figure class=\"wp-block-image size-large is-resized\"><img loading=\"lazy\" decoding=\"async\" width=\"683\" height=\"1024\" src=\"https:\/\/reciclajesfer.cl\/wp-content\/uploads\/2025\/07\/ChatGPT-Image-20-jul-2025-17_13_47-683x1024.png\" alt=\"\" class=\"wp-image-153\" style=\"object-fit:cover;width:270px;height:375px\" srcset=\"https:\/\/reciclajesfer.cl\/wp-content\/uploads\/2025\/07\/ChatGPT-Image-20-jul-2025-17_13_47-683x1024.png 683w, https:\/\/reciclajesfer.cl\/wp-content\/uploads\/2025\/07\/ChatGPT-Image-20-jul-2025-17_13_47-200x300.png 200w, https:\/\/reciclajesfer.cl\/wp-content\/uploads\/2025\/07\/ChatGPT-Image-20-jul-2025-17_13_47-768x1152.png 768w, https:\/\/reciclajesfer.cl\/wp-content\/uploads\/2025\/07\/ChatGPT-Image-20-jul-2025-17_13_47.png 1024w\" sizes=\"auto, (max-width: 683px) 100vw, 683px\" \/><\/figure>\n<\/div>\n\n\n\n<div class=\"wp-block-column is-vertically-aligned-center is-layout-flow wp-block-column-is-layout-flow\">\n<figure class=\"wp-block-image size-large is-resized\"><img loading=\"lazy\" decoding=\"async\" width=\"658\" height=\"1024\" src=\"https:\/\/reciclajesfer.cl\/wp-content\/uploads\/2025\/07\/CAMIONETA-1-658x1024.jpg\" alt=\"\" class=\"wp-image-158\" style=\"object-fit:cover;width:270px;height:375px\" srcset=\"https:\/\/reciclajesfer.cl\/wp-content\/uploads\/2025\/07\/CAMIONETA-1-658x1024.jpg 658w, https:\/\/reciclajesfer.cl\/wp-content\/uploads\/2025\/07\/CAMIONETA-1-193x300.jpg 193w, https:\/\/reciclajesfer.cl\/wp-content\/uploads\/2025\/07\/CAMIONETA-1-768x1196.jpg 768w, https:\/\/reciclajesfer.cl\/wp-content\/uploads\/2025\/07\/CAMIONETA-1-986x1536.jpg 986w, https:\/\/reciclajesfer.cl\/wp-content\/uploads\/2025\/07\/CAMIONETA-1-1315x2048.jpg 1315w, https:\/\/reciclajesfer.cl\/wp-content\/uploads\/2025\/07\/CAMIONETA-1-scaled.jpg 1644w\" sizes=\"auto, (max-width: 658px) 100vw, 658px\" \/><\/figure>\n<\/div>\n<\/div>\n<\/div>\n\n\n\n<div class=\"wp-block-column is-layout-flow wp-block-column-is-layout-flow\" style=\"flex-basis:10%\"><\/div>\n<\/div>\n\n\n\n<p><\/p>\n","protected":false},"excerpt":{"rendered":"<p>Quienes somos En Reciclajes F.E.R. somos una empresa familiar con m\u00e1s de 10 a\u00f1os de experiencia en la gesti\u00f3n responsable [&hellip;]<\/p>\n","protected":false},"author":1,"featured_media":0,"parent":0,"menu_order":0,"comment_status":"closed","ping_status":"closed","template":"","meta":{"site-sidebar-layout":"default","site-content-layout":"","ast-site-content-layout":"default","site-content-style":"default","site-sidebar-style":"default","ast-global-header-display":"","ast-banner-title-visibility":"","ast-main-header-display":"","ast-hfb-above-header-display":"","ast-hfb-below-header-display":"","ast-hfb-mobile-header-display":"","site-post-title":"disabled","ast-breadcrumbs-content":"","ast-featured-img":"","footer-sml-layout":"","theme-transparent-header-meta":"","adv-header-id-meta":"","stick-header-meta":"","header-above-stick-meta":"","header-main-stick-meta":"","header-below-stick-meta":"","astra-migrate-meta-layouts":"default","ast-page-background-enabled":"default","ast-page-background-meta":{"desktop":{"background-color":"var(--ast-global-color-5)","background-image":"","background-repeat":"repeat","background-position":"center center","background-size":"auto","background-attachment":"scroll","background-type":"","background-media":"","overlay-type":"","overlay-color":"","overlay-opacity":"","overlay-gradient":""},"tablet":{"background-color":"","background-image":"","background-repeat":"repeat","background-position":"center center","background-size":"auto","background-attachment":"scroll","background-type":"","background-media":"","overlay-type":"","overlay-color":"","overlay-opacity":"","overlay-gradient":""},"mobile":{"background-color":"","background-image":"","background-repeat":"repeat","background-position":"center center","background-size":"auto","background-attachment":"scroll","background-type":"","background-media":"","overlay-type":"","overlay-color":"","overlay-opacity":"","overlay-gradient":""}},"ast-content-background-meta":{"desktop":{"background-color":"var(--ast-global-color-4)","background-image":"","background-repeat":"repeat","background-position":"center center","background-size":"auto","background-attachment":"scroll","background-type":"","background-media":"","overlay-type":"","overlay-color":"","overlay-opacity":"","overlay-gradient":""},"tablet":{"background-color":"var(--ast-global-color-4)","background-image":"","background-repeat":"repeat","background-position":"center center","background-size":"auto","background-attachment":"scroll","background-type":"","background-media":"","overlay-type":"","overlay-color":"","overlay-opacity":"","overlay-gradient":""},"mobile":{"background-color":"var(--ast-global-color-4)","background-image":"","background-repeat":"repeat","background-position":"center center","background-size":"auto","background-attachment":"scroll","background-type":"","background-media":"","overlay-type":"","overlay-color":"","overlay-opacity":"","overlay-gradient":""}},"footnotes":""},"class_list":["post-86","page","type-page","status-publish","hentry"],"_links":{"self":[{"href":"https:\/\/reciclajesfer.cl\/index.php\/wp-json\/wp\/v2\/pages\/86","targetHints":{"allow":["GET"]}}],"collection":[{"href":"https:\/\/reciclajesfer.cl\/index.php\/wp-json\/wp\/v2\/pages"}],"about":[{"href":"https:\/\/reciclajesfer.cl\/index.php\/wp-json\/wp\/v2\/types\/page"}],"author":[{"embeddable":true,"href":"https:\/\/reciclajesfer.cl\/index.php\/wp-json\/wp\/v2\/users\/1"}],"replies":[{"embeddable":true,"href":"https:\/\/reciclajesfer.cl\/index.php\/wp-json\/wp\/v2\/comments?post=86"}],"version-history":[{"count":3,"href":"https:\/\/reciclajesfer.cl\/index.php\/wp-json\/wp\/v2\/pages\/86\/revisions"}],"predecessor-version":[{"id":159,"href":"https:\/\/reciclajesfer.cl\/index.php\/wp-json\/wp\/v2\/pages\/86\/revisions\/159"}],"wp:attachment":[{"href":"https:\/\/reciclajesfer.cl\/index.php\/wp-json\/wp\/v2\/media?parent=86"}],"curies":[{"name":"wp","href":"https:\/\/api.w.org\/{rel}","templated":true}]}}